{"id":4953,"date":"2024-10-23T14:22:28","date_gmt":"2024-10-23T14:22:28","guid":{"rendered":"https:\/\/www.anna-agenda.ch\/?page_id=4953"},"modified":"2025-01-28T16:54:42","modified_gmt":"2025-01-28T16:54:42","slug":"4953-2","status":"publish","type":"page","link":"https:\/\/www.anna-agenda.ch\/fr\/4953-2\/","title":{"rendered":"Outlet"},"content":{"rendered":"<div class=\"wpb-content-wrapper\"><div class=\"vc-row-container container\"><div class=\"vc_row wpb_row vc_row-fluid\"><div class=\"wpb_column vc_column_container vc_col-sm-8\"><div class=\"vc_column-inner\"><div class=\"wpb_wrapper\">\n\t<div class=\"wpb_text_column wpb_content_element post-formatting\" >\n\t\t<div class=\"wpb_wrapper\">\n\t\t\t<p style=\"text-align: center;\">Chaque ann\u00e9e, malgr\u00e9 le soin que nous apportons \u00e0 la pr\u00e9paration de nouveaux agendas, il arrive que certains exemplaires pr\u00e9sentent de petits d\u00e9fauts sur la partie ext\u00e9rieur. Quelques rayures, plis ou autre petit d\u00e9faut. Les exemplaires en question sont parfaitement fonctionnels et sont en vente dans la section outlet \u00e0 prix r\u00e9duit.<\/p>\n\n\t\t<\/div>\n\t<\/div>\n<\/div><\/div><\/div><div class=\"wpb_column vc_column_container vc_col-sm-4\"><div class=\"vc_column-inner\"><div class=\"wpb_wrapper\">\n\t<div  class=\"wpb_single_image wpb_content_element vc_align_left wpb_content_element\">\n\t\t\n\t\t<figure class=\"wpb_wrapper vc_figure\">\n\t\t\t<div class=\"vc_single_image-wrapper   vc_box_border_grey\"><img data-recalc-dims=\"1\" loading=\"lazy\" decoding=\"async\" width=\"300\" height=\"300\" src=\"https:\/\/i0.wp.com\/www.anna-agenda.ch\/wp-content\/uploads\/2025\/01\/news-.png.png?resize=300%2C300&#038;ssl=1\" class=\"vc_single_image-img attachment-medium\" alt=\"\" title=\"news !.png\" srcset=\"https:\/\/i0.wp.com\/www.anna-agenda.ch\/wp-content\/uploads\/2025\/01\/news-.png.png?resize=300%2C300&amp;ssl=1 300w, https:\/\/i0.wp.com\/www.anna-agenda.ch\/wp-content\/uploads\/2025\/01\/news-.png.png?resize=1024%2C1024&amp;ssl=1 1024w, https:\/\/i0.wp.com\/www.anna-agenda.ch\/wp-content\/uploads\/2025\/01\/news-.png.png?resize=150%2C150&amp;ssl=1 150w, https:\/\/i0.wp.com\/www.anna-agenda.ch\/wp-content\/uploads\/2025\/01\/news-.png.png?resize=768%2C768&amp;ssl=1 768w, https:\/\/i0.wp.com\/www.anna-agenda.ch\/wp-content\/uploads\/2025\/01\/news-.png.png?resize=12%2C12&amp;ssl=1 12w, https:\/\/i0.wp.com\/www.anna-agenda.ch\/wp-content\/uploads\/2025\/01\/news-.png.png?resize=468%2C468&amp;ssl=1 468w, https:\/\/i0.wp.com\/www.anna-agenda.ch\/wp-content\/uploads\/2025\/01\/news-.png.png?resize=806%2C806&amp;ssl=1 806w, https:\/\/i0.wp.com\/www.anna-agenda.ch\/wp-content\/uploads\/2025\/01\/news-.png.png?resize=558%2C558&amp;ssl=1 558w, https:\/\/i0.wp.com\/www.anna-agenda.ch\/wp-content\/uploads\/2025\/01\/news-.png.png?resize=655%2C655&amp;ssl=1 655w, https:\/\/i0.wp.com\/www.anna-agenda.ch\/wp-content\/uploads\/2025\/01\/news-.png.png?resize=820%2C820&amp;ssl=1 820w, https:\/\/i0.wp.com\/www.anna-agenda.ch\/wp-content\/uploads\/2025\/01\/news-.png.png?resize=220%2C220&amp;ssl=1 220w, https:\/\/i0.wp.com\/www.anna-agenda.ch\/wp-content\/uploads\/2025\/01\/news-.png.png?w=1080&amp;ssl=1 1080w\" sizes=\"auto, (max-width: 300px) 100vw, 300px\" \/><\/div>\n\t\t<\/figure>\n\t<\/div>\n<\/div><\/div><\/div><\/div><\/div>\n<\/div>","protected":false},"excerpt":{"rendered":"Chaque ann\u00e9e, malgr\u00e9 le soin que nous apportons \u00e0 la pr\u00e9paration de nouveaux agendas, il arrive que certains exemplaires pr\u00e9sentent de petits d\u00e9fauts sur la partie ext\u00e9rieur. Quelques rayures, plis ou autre petit d\u00e9faut. Les exemplaires en question sont parfaitement fonctionnels et sont en vente dans la section outlet \u00e0 prix r\u00e9duit.","protected":false},"author":1,"featured_media":0,"parent":0,"menu_order":0,"comment_status":"closed","ping_status":"closed","template":"","meta":{"_acf_changed":false,"jetpack_post_was_ever_published":false,"footnotes":""},"class_list":["post-4953","page","type-page","status-publish","hentry"],"acf":[],"jetpack_shortlink":"https:\/\/wp.me\/P9FMXy-1hT","jetpack_sharing_enabled":true,"_links":{"self":[{"href":"https:\/\/www.anna-agenda.ch\/fr\/wp-json\/wp\/v2\/pages\/4953","targetHints":{"allow":["GET"]}}],"collection":[{"href":"https:\/\/www.anna-agenda.ch\/fr\/wp-json\/wp\/v2\/pages"}],"about":[{"href":"https:\/\/www.anna-agenda.ch\/fr\/wp-json\/wp\/v2\/types\/page"}],"author":[{"embeddable":true,"href":"https:\/\/www.anna-agenda.ch\/fr\/wp-json\/wp\/v2\/users\/1"}],"replies":[{"embeddable":true,"href":"https:\/\/www.anna-agenda.ch\/fr\/wp-json\/wp\/v2\/comments?post=4953"}],"version-history":[{"count":8,"href":"https:\/\/www.anna-agenda.ch\/fr\/wp-json\/wp\/v2\/pages\/4953\/revisions"}],"predecessor-version":[{"id":4982,"href":"https:\/\/www.anna-agenda.ch\/fr\/wp-json\/wp\/v2\/pages\/4953\/revisions\/4982"}],"wp:attachment":[{"href":"https:\/\/www.anna-agenda.ch\/fr\/wp-json\/wp\/v2\/media?parent=4953"}],"curies":[{"name":"wp","href":"https:\/\/api.w.org\/{rel}","templated":true}]}}