{"id":4972,"date":"2025-01-28T15:33:27","date_gmt":"2025-01-28T15:33:27","guid":{"rendered":"https:\/\/www.anna-agenda.ch\/?post_type=product&#038;p=4972"},"modified":"2025-08-11T15:07:16","modified_gmt":"2025-08-11T15:07:16","slug":"agenda-antica-grecia-outlet","status":"publish","type":"product","link":"https:\/\/www.anna-agenda.ch\/fr\/produit\/agenda-antica-grecia-outlet\/","title":{"rendered":"Agenda &#8220;Antica Grecia&#8221; (Outlet)"},"content":{"rendered":"<div>\n<p>Anna Agenda, l'agenda illustr\u00e9 de l'enseignant-e arrive cette ann\u00e9e \u00e0 sa dixi\u00e8me \u00e9dition!<\/p>\n<\/div>\n<div>\n<p>Per l\u2019agenda di quest&#8217;anno mi sono lasciata ispirare dall\u2019Antica Grecia. Tra colonne, ulivi, templi, dei, mitologia e mistero ! Vi invito a intraprendre con me un viaggio nel tempo, alla riscoperta di una civilt\u00e0 davvero unica e affascinante !<\/p>\n<\/div>\n<p>Le cout de l'agenda est de 25 .- ( frais d'envois inclus). Il n'est pas dat\u00e9, donc utilisable \u00e0 souhait. Parmi ses pages, vous allez trouver: l'horaire et la place pour les donn\u00e9es personnelles, l'horaire de classe et la liste des \u00e9l\u00e8ves, la place pour les num\u00e9ros utiles, les anniversaires des \u00e9l\u00e8ves, la place pour la planification annuelle, les 40 doubles pages du programme hebdomadaire (vacances pas calcul\u00e9es) et la place pour les notes.<\/p>","protected":false},"excerpt":{"rendered":"<div>\n<p><strong>Un voyage dans le temps \u00e0 la d\u00e9couverte de la Gr\u00e8ce Antique!\u00a0<\/strong><\/p>\n<p>OUTLET<\/p>\n<p>Chaque ann\u00e9e, malgr\u00e9 le soin que nous apportons \u00e0 la pr\u00e9paration de nouveaux agendas, il arrive que certains exemplaires pr\u00e9sentent de petits d\u00e9fauts sur la partie ext\u00e9rieur. Quelques rayures, plis ou autre petit d\u00e9faut. Les exemplaires en question sont parfaitement fonctionnels et sont en vente dans la section outlet \u00e0 prix r\u00e9duit.<\/p>\n<\/div>\n<p>&nbsp;<\/p>","protected":false},"featured_media":4641,"comment_status":"open","ping_status":"closed","template":"","meta":{"_acf_changed":false,"jetpack_post_was_ever_published":false,"jetpack_publicize_message":"","jetpack_publicize_feature_enabled":true,"jetpack_social_post_already_shared":true,"jetpack_social_options":{"image_generator_settings":{"template":"highway","default_image_id":0,"font":"","enabled":false},"version":2}},"product_brand":[],"product_cat":[158],"product_tag":[113,152,120,154,116,153,139],"class_list":{"0":"post-4972","1":"product","2":"type-product","3":"status-publish","4":"has-post-thumbnail","6":"product_cat-outlet","7":"product_tag-agenda","8":"product_tag-antica-grecia","9":"product_tag-docente","10":"product_tag-mitologia-greca","11":"product_tag-scuola","12":"product_tag-storia","13":"product_tag-svizzera","15":"first","16":"instock","17":"shipping-taxable","18":"purchasable","19":"product-type-simple","21":"catalog-layout-default","22":"columns-xs-1"},"acf":[],"jetpack_publicize_connections":[],"jetpack_sharing_enabled":true,"_links":{"self":[{"href":"https:\/\/www.anna-agenda.ch\/fr\/wp-json\/wp\/v2\/product\/4972","targetHints":{"allow":["GET"]}}],"collection":[{"href":"https:\/\/www.anna-agenda.ch\/fr\/wp-json\/wp\/v2\/product"}],"about":[{"href":"https:\/\/www.anna-agenda.ch\/fr\/wp-json\/wp\/v2\/types\/product"}],"replies":[{"embeddable":true,"href":"https:\/\/www.anna-agenda.ch\/fr\/wp-json\/wp\/v2\/comments?post=4972"}],"wp:featuredmedia":[{"embeddable":true,"href":"https:\/\/www.anna-agenda.ch\/fr\/wp-json\/wp\/v2\/media\/4641"}],"wp:attachment":[{"href":"https:\/\/www.anna-agenda.ch\/fr\/wp-json\/wp\/v2\/media?parent=4972"}],"wp:term":[{"taxonomy":"product_brand","embeddable":true,"href":"https:\/\/www.anna-agenda.ch\/fr\/wp-json\/wp\/v2\/product_brand?post=4972"},{"taxonomy":"product_cat","embeddable":true,"href":"https:\/\/www.anna-agenda.ch\/fr\/wp-json\/wp\/v2\/product_cat?post=4972"},{"taxonomy":"product_tag","embeddable":true,"href":"https:\/\/www.anna-agenda.ch\/fr\/wp-json\/wp\/v2\/product_tag?post=4972"}],"curies":[{"name":"wp","href":"https:\/\/api.w.org\/{rel}","templated":true}]}}