{"id":4974,"date":"2025-01-28T15:45:03","date_gmt":"2025-01-28T15:45:03","guid":{"rendered":"https:\/\/www.anna-agenda.ch\/?post_type=product&#038;p=4974"},"modified":"2025-10-03T12:19:06","modified_gmt":"2025-10-03T12:19:06","slug":"agenda-alpi-outlet","status":"publish","type":"product","link":"https:\/\/www.anna-agenda.ch\/fr\/produit\/agenda-alpi-outlet\/","title":{"rendered":"Agenda \u201cAlpes\u201d (Outlet)"},"content":{"rendered":"<p><strong>Les Alpes, une beaut\u00e9 \u00e0 couper le souffle!\u00a0<\/strong><\/p>\n<p>Le cout de l'agenda est de 25 .- ( frais d'envois inclus). Il n'est pas dat\u00e9, donc utilisable \u00e0 souhait. Parmi ses pages, vous allez trouver: l'horaire et la place pour les donn\u00e9es personnelles, l'horaire de classe et la liste des \u00e9l\u00e8ves, la place pour les num\u00e9ros utiles, les anniversaires des \u00e9l\u00e8ves, la place pour la planification annuelle, les 40 doubles pages du programme hebdomadaire (vacances pas calcul\u00e9es) et la place pour les notes.<\/p>","protected":false},"excerpt":{"rendered":"<p>Une paisible promenade \u00e0 la montagne. \u00c0 la d\u00e9couverte de la flore, de la faune et des magnifiques paysages alpins.<\/p>\n<p>OUTLET<\/p>\n<p>Chaque ann\u00e9e, malgr\u00e9 le soin que nous apportons \u00e0 la pr\u00e9paration de nouveaux agendas, il arrive que certains exemplaires pr\u00e9sentent de petits d\u00e9fauts sur la partie ext\u00e9rieur. Quelques rayures, plis ou autre petit d\u00e9faut. Les exemplaires en question sont parfaitement fonctionnels et sont en vente dans la section outlet \u00e0 prix r\u00e9duit.<\/p>","protected":false},"featured_media":4169,"comment_status":"open","ping_status":"closed","template":"","meta":{"_acf_changed":false,"jetpack_post_was_ever_published":false,"jetpack_publicize_message":"","jetpack_publicize_feature_enabled":true,"jetpack_social_post_already_shared":true,"jetpack_social_options":{"image_generator_settings":{"template":"highway","default_image_id":0,"font":"","enabled":false},"version":2}},"product_brand":[],"product_cat":[158],"product_tag":[113,137,120,138,140,116,139],"class_list":{"0":"post-4974","1":"product","2":"type-product","3":"status-publish","4":"has-post-thumbnail","6":"product_cat-outlet","7":"product_tag-agenda","8":"product_tag-alpi","9":"product_tag-docente","10":"product_tag-montagne","11":"product_tag-passeggiata","12":"product_tag-scuola","13":"product_tag-svizzera","15":"first","16":"instock","17":"shipping-taxable","18":"purchasable","19":"product-type-simple","21":"catalog-layout-default","22":"columns-xs-1"},"acf":[],"jetpack_publicize_connections":[],"jetpack_sharing_enabled":true,"_links":{"self":[{"href":"https:\/\/www.anna-agenda.ch\/fr\/wp-json\/wp\/v2\/product\/4974","targetHints":{"allow":["GET"]}}],"collection":[{"href":"https:\/\/www.anna-agenda.ch\/fr\/wp-json\/wp\/v2\/product"}],"about":[{"href":"https:\/\/www.anna-agenda.ch\/fr\/wp-json\/wp\/v2\/types\/product"}],"replies":[{"embeddable":true,"href":"https:\/\/www.anna-agenda.ch\/fr\/wp-json\/wp\/v2\/comments?post=4974"}],"wp:featuredmedia":[{"embeddable":true,"href":"https:\/\/www.anna-agenda.ch\/fr\/wp-json\/wp\/v2\/media\/4169"}],"wp:attachment":[{"href":"https:\/\/www.anna-agenda.ch\/fr\/wp-json\/wp\/v2\/media?parent=4974"}],"wp:term":[{"taxonomy":"product_brand","embeddable":true,"href":"https:\/\/www.anna-agenda.ch\/fr\/wp-json\/wp\/v2\/product_brand?post=4974"},{"taxonomy":"product_cat","embeddable":true,"href":"https:\/\/www.anna-agenda.ch\/fr\/wp-json\/wp\/v2\/product_cat?post=4974"},{"taxonomy":"product_tag","embeddable":true,"href":"https:\/\/www.anna-agenda.ch\/fr\/wp-json\/wp\/v2\/product_tag?post=4974"}],"curies":[{"name":"wp","href":"https:\/\/api.w.org\/{rel}","templated":true}]}}