{"id":4976,"date":"2025-01-28T15:51:38","date_gmt":"2025-01-28T15:51:38","guid":{"rendered":"https:\/\/www.anna-agenda.ch\/?post_type=product&#038;p=4976"},"modified":"2025-06-04T14:08:34","modified_gmt":"2025-06-04T14:08:34","slug":"agenda-orto-outlet","status":"publish","type":"product","link":"https:\/\/www.anna-agenda.ch\/fr\/produit\/agenda-orto-outlet\/","title":{"rendered":"Agenda \u201cPotager\u201d (Outlet)"},"content":{"rendered":"<p><strong>Les fruits de la terre, mille formes et couleurs!<\/strong><\/p>\n<p>Le cout de l'agenda est de 35 .- ( frais d'envois inclus). Il n'est pas dat\u00e9, donc utilisable \u00e0 souhait. Parmi ses pages, vous allez trouver: l'horaire et la place pour les donn\u00e9es personnelles, l'horaire de classe et la liste des \u00e9l\u00e8ves, la place pour les num\u00e9ros utiles, les anniversaires des \u00e9l\u00e8ves, la place pour la planification annuelle, les 40 doubles pages du programme hebdomadaire (vacances pas calcul\u00e9es) et la place pour les notes.<\/p>","protected":false},"excerpt":{"rendered":"<p>Un tour au jardin potager pour y d\u00e9couvrir ses petits tr\u00e9sors.<\/p>\n<p>OUTLET<\/p>\n<p>Chaque ann\u00e9e, malgr\u00e9 le soin que nous apportons \u00e0 la pr\u00e9paration de nouveaux agendas, il arrive que certains exemplaires pr\u00e9sentent de petits d\u00e9fauts sur la partie ext\u00e9rieur. Quelques rayures, plis ou autre petit d\u00e9faut. Les exemplaires en question sont parfaitement fonctionnels et sont en vente dans la section outlet \u00e0 prix r\u00e9duit.<\/p>","protected":false},"featured_media":2891,"comment_status":"open","ping_status":"closed","template":"","meta":{"_acf_changed":false,"jetpack_post_was_ever_published":false,"jetpack_publicize_message":"","jetpack_publicize_feature_enabled":true,"jetpack_social_post_already_shared":true,"jetpack_social_options":{"image_generator_settings":{"template":"highway","default_image_id":0,"font":"","enabled":false},"version":2}},"product_brand":[],"product_cat":[158],"product_tag":[113,120,122,123],"class_list":{"0":"post-4976","1":"product","2":"type-product","3":"status-publish","4":"has-post-thumbnail","6":"product_cat-outlet","7":"product_tag-agenda","8":"product_tag-docente","9":"product_tag-orto","10":"product_tag-potager","11":"pa_product-size-a4","13":"first","14":"outofstock","15":"shipping-taxable","16":"purchasable","17":"product-type-simple","19":"catalog-layout-default","20":"columns-xs-1"},"acf":[],"jetpack_publicize_connections":[],"jetpack_sharing_enabled":true,"_links":{"self":[{"href":"https:\/\/www.anna-agenda.ch\/fr\/wp-json\/wp\/v2\/product\/4976","targetHints":{"allow":["GET"]}}],"collection":[{"href":"https:\/\/www.anna-agenda.ch\/fr\/wp-json\/wp\/v2\/product"}],"about":[{"href":"https:\/\/www.anna-agenda.ch\/fr\/wp-json\/wp\/v2\/types\/product"}],"replies":[{"embeddable":true,"href":"https:\/\/www.anna-agenda.ch\/fr\/wp-json\/wp\/v2\/comments?post=4976"}],"wp:featuredmedia":[{"embeddable":true,"href":"https:\/\/www.anna-agenda.ch\/fr\/wp-json\/wp\/v2\/media\/2891"}],"wp:attachment":[{"href":"https:\/\/www.anna-agenda.ch\/fr\/wp-json\/wp\/v2\/media?parent=4976"}],"wp:term":[{"taxonomy":"product_brand","embeddable":true,"href":"https:\/\/www.anna-agenda.ch\/fr\/wp-json\/wp\/v2\/product_brand?post=4976"},{"taxonomy":"product_cat","embeddable":true,"href":"https:\/\/www.anna-agenda.ch\/fr\/wp-json\/wp\/v2\/product_cat?post=4976"},{"taxonomy":"product_tag","embeddable":true,"href":"https:\/\/www.anna-agenda.ch\/fr\/wp-json\/wp\/v2\/product_tag?post=4976"}],"curies":[{"name":"wp","href":"https:\/\/api.w.org\/{rel}","templated":true}]}}