{"id":5060,"date":"2025-05-05T07:58:36","date_gmt":"2025-05-05T07:58:36","guid":{"rendered":"https:\/\/www.anna-agenda.ch\/?post_type=product&#038;p=5060"},"modified":"2026-02-02T10:35:59","modified_gmt":"2026-02-02T10:35:59","slug":"agenda-festa","status":"publish","type":"product","link":"https:\/\/www.anna-agenda.ch\/fr\/produit\/agenda-festa\/","title":{"rendered":"Agenda &#8220;Festa&#8221;"},"content":{"rendered":"<p><strong>L\u2019agenda de cette ann\u00e9e c\u00e9l\u00e8bre la magie d\u2019\u00eatre ensemble au c\u0153ur de la f\u00eate ! <\/strong><\/p>\n<p><strong>PR\u00c9VENTE ! Les agendas seront envoy\u00e9s \u00e0 la fin du mois de mai 2025 !<\/strong><\/p>\n<p>NOUVEAUT\u00c9 de cette ann\u00e9e : la RELIURE \u00c0 SPIRALE !\nL\u2019agenda co\u00fbte 35.- (frais de port inclus). Il est sans dates, ce qui permet de l\u2019utiliser \u00e0 tout moment de l\u2019ann\u00e9e, et m\u00eame d\u2019une ann\u00e9e \u00e0 l\u2019autre. Imprim\u00e9 sur du papier recycl\u00e9.\n\n\u00c0 l\u2019int\u00e9rieur, vous trouverez : un emploi du temps et un espace pour les informations personnelles, l\u2019horaire de la classe et la liste des \u00e9l\u00e8ves, un espace pour les num\u00e9ros utiles, les anniversaires des \u00e9l\u00e8ves,\nle programme annuel, les 40 doubles pages pour le planning hebdomadaire (hors vacances) ainsi qu\u2019un espace pour les notes.<\/p>\n<p>&nbsp;<\/p>\n<p>&nbsp;<\/p>\n<p><span class=\"Apple-converted-space\">\u00a0\u00a0<\/span><\/p>","protected":false},"excerpt":{"rendered":"<div>\n<p>L\u2019agenda illustr\u00e9 de l'enseignant-e en est cette ann\u00e9e \u00e0 sa 11\u00e8me \u00e9dition ! Le th\u00e8me de cette ann\u00e9e est la f\u00eate ! Le rythme de la musique et les couleurs de la f\u00eate deviennent des ponts qui relient les personnes, nous rappelant combien il est essentiel de partager des moments de bonheur sain et insouciant. Un agenda en f\u00eate !<\/p>\n<\/div>","protected":false},"featured_media":5057,"comment_status":"open","ping_status":"closed","template":"","meta":{"_acf_changed":false,"jetpack_post_was_ever_published":false,"jetpack_publicize_message":"","jetpack_publicize_feature_enabled":true,"jetpack_social_post_already_shared":false,"jetpack_social_options":{"image_generator_settings":{"template":"highway","default_image_id":0,"font":"","enabled":false},"version":2}},"product_brand":[],"product_cat":[157],"product_tag":[113,161,120,159,163,162,160,116,139],"class_list":{"0":"post-5060","1":"product","2":"type-product","3":"status-publish","4":"has-post-thumbnail","6":"product_cat-agende","7":"product_tag-agenda","8":"product_tag-celebrate","9":"product_tag-docente","10":"product_tag-festa","11":"product_tag-handmade","12":"product_tag-illustrazione","13":"product_tag-party","14":"product_tag-scuola","15":"product_tag-svizzera","17":"first","18":"instock","19":"shipping-taxable","20":"purchasable","21":"product-type-simple","23":"catalog-layout-default","24":"columns-xs-1"},"acf":[],"jetpack_publicize_connections":[],"jetpack_sharing_enabled":true,"_links":{"self":[{"href":"https:\/\/www.anna-agenda.ch\/fr\/wp-json\/wp\/v2\/product\/5060","targetHints":{"allow":["GET"]}}],"collection":[{"href":"https:\/\/www.anna-agenda.ch\/fr\/wp-json\/wp\/v2\/product"}],"about":[{"href":"https:\/\/www.anna-agenda.ch\/fr\/wp-json\/wp\/v2\/types\/product"}],"replies":[{"embeddable":true,"href":"https:\/\/www.anna-agenda.ch\/fr\/wp-json\/wp\/v2\/comments?post=5060"}],"wp:featuredmedia":[{"embeddable":true,"href":"https:\/\/www.anna-agenda.ch\/fr\/wp-json\/wp\/v2\/media\/5057"}],"wp:attachment":[{"href":"https:\/\/www.anna-agenda.ch\/fr\/wp-json\/wp\/v2\/media?parent=5060"}],"wp:term":[{"taxonomy":"product_brand","embeddable":true,"href":"https:\/\/www.anna-agenda.ch\/fr\/wp-json\/wp\/v2\/product_brand?post=5060"},{"taxonomy":"product_cat","embeddable":true,"href":"https:\/\/www.anna-agenda.ch\/fr\/wp-json\/wp\/v2\/product_cat?post=5060"},{"taxonomy":"product_tag","embeddable":true,"href":"https:\/\/www.anna-agenda.ch\/fr\/wp-json\/wp\/v2\/product_tag?post=5060"}],"curies":[{"name":"wp","href":"https:\/\/api.w.org\/{rel}","templated":true}]}}