{"id":5290,"date":"2026-05-12T19:00:39","date_gmt":"2026-05-12T19:00:39","guid":{"rendered":"https:\/\/www.anna-agenda.ch\/?post_type=product&#038;p=5290"},"modified":"2026-05-14T11:46:35","modified_gmt":"2026-05-14T11:46:35","slug":"agenda_safari","status":"publish","type":"product","link":"https:\/\/www.anna-agenda.ch\/fr\/produit\/agenda_safari\/","title":{"rendered":"Agenda &#8220;Safari&#8221;"},"content":{"rendered":"<p>L\u2019agenda de cette ann\u00e9e t\u2019invite \u00e0 vivre l\u2019aventure du safari, \u00e0 la d\u00e9couverte de la magie d\u2019\u00eatre ensemble dans la nature sauvage !<\/p>\n<p><strong>PR\u00c9VENTE !Les agendas seront exp\u00e9di\u00e9s entre la fin mai et le d\u00e9but juin 2026.<\/strong><\/p>\n<p>Pour la deuxi\u00e8me ann\u00e9e, l'agenda est reli\u00e9 avec une spirale m\u00e9tallique! Le cout de l'agenda est de 35 .- ( frais d'envois inclus). Il n'est pas dat\u00e9, donc utilisable \u00e0 souhait. Parmi ses pages, vous allez trouver: l'horaire et la place pour les donn\u00e9es personnelles, l'horaire de classe et la liste des \u00e9l\u00e8ves, la place pour les num\u00e9ros utiles, les anniversaires des \u00e9l\u00e8ves, les \u00e9valuations, la place pour la planification annuelle, les 40 doubles pages du programme hebdomadaire (vacances pas calcul\u00e9es) et la place pour les notes.<\/p>\n<p>&nbsp;<\/p>\n<p>&nbsp;<\/p>\n<p><span class=\"Apple-converted-space\">\u00a0\u00a0<\/span><\/p>","protected":false},"excerpt":{"rendered":"<div>\n<p>L\u2019agenda illustr\u00e9 de l\u2019enseignant\u00b7e en est cette ann\u00e9e \u00e0 sa 12e \u00e9dition ! Cette ann\u00e9e, cap sur le safari ! Entre paysages lointains, nature sauvage et esprit d\u2019aventure, chaque page invite \u00e0 explorer, observer et s\u2019\u00e9merveiller. Comme un voyage au c\u0153ur de la savane, cet agenda accompagne le quotidien avec \u00e9nergie et curiosit\u00e9, en rappelant le plaisir de d\u00e9couvrir, de s\u2019\u00e9vader et de savourer chaque instant. Un agenda version safari !<\/p>\n<\/div>","protected":false},"featured_media":5291,"comment_status":"open","ping_status":"closed","template":"","meta":{"_acf_changed":false,"jetpack_publicize_message":"","jetpack_publicize_feature_enabled":true,"jetpack_social_post_already_shared":true,"jetpack_social_options":{"image_generator_settings":{"template":"highway","default_image_id":0,"font":"","enabled":false},"version":2}},"product_brand":[],"product_cat":[157],"product_tag":[166,165,113,120,163,162,164,116,139],"class_list":{"0":"post-5290","1":"product","2":"type-product","3":"status-publish","4":"has-post-thumbnail","6":"product_cat-agende","7":"product_tag-adventure","8":"product_tag-africa","9":"product_tag-agenda","10":"product_tag-docente","11":"product_tag-handmade","12":"product_tag-illustrazione","13":"product_tag-safari","14":"product_tag-scuola","15":"product_tag-svizzera","17":"first","18":"instock","19":"shipping-taxable","20":"purchasable","21":"product-type-simple","23":"catalog-layout-default","24":"columns-xs-1"},"acf":[],"jetpack_publicize_connections":[],"jetpack_sharing_enabled":true,"_links":{"self":[{"href":"https:\/\/www.anna-agenda.ch\/fr\/wp-json\/wp\/v2\/product\/5290","targetHints":{"allow":["GET"]}}],"collection":[{"href":"https:\/\/www.anna-agenda.ch\/fr\/wp-json\/wp\/v2\/product"}],"about":[{"href":"https:\/\/www.anna-agenda.ch\/fr\/wp-json\/wp\/v2\/types\/product"}],"replies":[{"embeddable":true,"href":"https:\/\/www.anna-agenda.ch\/fr\/wp-json\/wp\/v2\/comments?post=5290"}],"wp:featuredmedia":[{"embeddable":true,"href":"https:\/\/www.anna-agenda.ch\/fr\/wp-json\/wp\/v2\/media\/5291"}],"wp:attachment":[{"href":"https:\/\/www.anna-agenda.ch\/fr\/wp-json\/wp\/v2\/media?parent=5290"}],"wp:term":[{"taxonomy":"product_brand","embeddable":true,"href":"https:\/\/www.anna-agenda.ch\/fr\/wp-json\/wp\/v2\/product_brand?post=5290"},{"taxonomy":"product_cat","embeddable":true,"href":"https:\/\/www.anna-agenda.ch\/fr\/wp-json\/wp\/v2\/product_cat?post=5290"},{"taxonomy":"product_tag","embeddable":true,"href":"https:\/\/www.anna-agenda.ch\/fr\/wp-json\/wp\/v2\/product_tag?post=5290"}],"curies":[{"name":"wp","href":"https:\/\/api.w.org\/{rel}","templated":true}]}}